{"id":86,"date":"2019-08-15T18:38:30","date_gmt":"2019-08-15T16:38:30","guid":{"rendered":"https:\/\/derpott.de\/?page_id=86"},"modified":"2019-09-17T07:28:52","modified_gmt":"2019-09-17T05:28:52","slug":"der-pott-die-sieger","status":"publish","type":"page","link":"https:\/\/derpott.de\/?page_id=86","title":{"rendered":"Der Pott &#8211; Die Sieger"},"content":{"rendered":"<h2>Der Pott<\/h2>\n<p><img decoding=\"async\" loading=\"lazy\" class=\"alignnone size-medium wp-image-346\" src=\"https:\/\/derpott.de\/wp-content\/uploads\/2019\/08\/Pott-188x300.jpg\" alt=\"\" width=\"188\" height=\"300\" srcset=\"https:\/\/derpott.de\/wp-content\/uploads\/2019\/08\/Pott-188x300.jpg 188w, https:\/\/derpott.de\/wp-content\/uploads\/2019\/08\/Pott.jpg 250w\" sizes=\"(max-width: 188px) 100vw, 188px\" \/><\/p>\n<p>Gegeben 1999 von Herrn Michael Belasus und Crew<br \/>\nDiesen Preis erh\u00e4lt das erste Schiff nach berechneter Zeit Gruppe <strong>ORC I<\/strong>; Steuermannspreis; 3 x ohne Reihenfolge<\/p>\n<p>1. Anrecht 1999 \u201eChou Chou\u201c, Dr. Joachim Schulze, USCB<br \/>\n1. Anrecht 2000 \u201eHarmattan\u201c, Ulrich Weuthen, USCB<br \/>\n2. Anrecht 2001 \u201eChou Chou\u201c, Dr. Joachim Schulze, USCB<br \/>\n2. Anrecht 2002 \u201eHarmattan\u201c, Ulrich Weuthen, USCB<br \/>\n1. Anrecht 2003 \u201eMiss Sophy\u201c, Dieter Meyn<br \/>\n1. Anrecht 2004 \u201ePanic\u201c, Hans Behr, YC Wesel<br \/>\n1. Anrecht 2005 \u201eSee You\u201c, Thomas Cramer, YC Wesel<br \/>\n2. Anrecht 2006 \u201eSee You\u201c, Thomas Cramer, YC Wesel<br \/>\n1. Anrecht 2007 \u201eNoExcuses\u201c, Hendrik Moritz, CKA<br \/>\n1. Anrecht 2008 \u201eDehler West\u201c, Thorsten R\u00f6der, YC Wesel<br \/>\n1. Anrecht 2009 \u201elot jonn\u201c, Dirk Neukirchen, DYC<br \/>\n1. Anrecht 2010 \u201eRelax&#8220;, Ralf Ehlen, DYC<br \/>\n1. Anrecht 2011 \u201eKarma&#8220;, Klaus Hesselmann, CKA<br \/>\n2. Anrecht 2012 \u201eKarma&#8220;, Klaus Hesselmann, CKA<br \/>\n3. Anrecht 2013 \u201eKarma&#8220;, Klaus Hesselmann, CKA<\/p>\n<p>Wieder gestiftet 2014 von Klaus Hesselmann als ewiger Wanderpreis &#8211; <em>Danke Klaus!<\/em><\/p>\n<p>2014 \u201eKarma&#8220;, Klaus Hesselmann, CKA<br \/>\n2015 \u201eKarma&#8220;, Klaus Hesselmann, CKA<br \/>\n2016 \u201eHeaven 77&#8243;, Reiner Brockerhoff, DUYC<br \/>\n2017 \u201eKreutz Ass&#8220;, Kurt Kreutz, YCBL<br \/>\n2018 \u201eKreutz Ass&#8220;, Kurt Kreutz, YCBL<br \/>\n2019 \u201eKreutz Ass&#8220;, Kurt Kreutz, YCBL<\/p>\n<hr \/>\n<h2>Secumar Wanderpokal<\/h2>\n<p><img decoding=\"async\" loading=\"lazy\" class=\"alignnone size-medium wp-image-347\" src=\"https:\/\/derpott.de\/wp-content\/uploads\/2019\/08\/Secumar-Wanderpokal-188x300.jpg\" alt=\"\" width=\"188\" height=\"300\" srcset=\"https:\/\/derpott.de\/wp-content\/uploads\/2019\/08\/Secumar-Wanderpokal-188x300.jpg 188w, https:\/\/derpott.de\/wp-content\/uploads\/2019\/08\/Secumar-Wanderpokal.jpg 250w\" sizes=\"(max-width: 188px) 100vw, 188px\" \/><\/p>\n<p>Gegeben 2008 von der Bernhardt Apparatebau GmbH &amp; Co.<br \/>\nDiesen Preis erh\u00e4lt das erste Schiff nach berechneter Zeit Gruppe <strong>ORC II<\/strong>; Steuermannspreis; Wanderpokal<\/p>\n<p>2008 \u201eIdefix\u201c, Andre Zander, Etuf Essen<br \/>\n2009 \u201eIdefix\u201c, Andre Zander, Etuf Essen<br \/>\n2010 \u201eBeluga\u201c, Ulrich Diekheuer, WHS-M\u00fcnster<br \/>\n2011 \u201eHelena\u201c, Detlef von Schmeling, CKA<br \/>\n2012 \u201eGanxo\u201c, Frank Zaun, TO<br \/>\n2013 \u201eHelena\u201c, Detlef von Schmeling, CKA<br \/>\n2014 \u201eThinchen\u201c, Michael Huelke, CKA<br \/>\n2015 \u201eHooded Man\u201c, Jan Kuffel, WV Lelystad<br \/>\n2016 \u201eIdefix\u201c, Andre Zander, Etuf Essen<br \/>\n2017 \u201eDicke Bank&#8220;, Wolfgang Doczyk, DUYC<br \/>\n2018 \u201eMelges 24&#8243;, Werner Rachmann, SLS<br \/>\n2019 \u201eDicke Bank&#8220;, Wolfgang Doczyk, DuYC<\/p>\n<hr \/>\n<h2>Wanderpreis der SSGW<\/h2>\n<div class=\"img-intro-left\"><img decoding=\"async\" loading=\"lazy\" class=\"alignnone size-medium wp-image-348\" src=\"https:\/\/derpott.de\/wp-content\/uploads\/2019\/08\/Wanderpreis-SSGW-225x300.jpg\" alt=\"\" width=\"225\" height=\"300\" srcset=\"https:\/\/derpott.de\/wp-content\/uploads\/2019\/08\/Wanderpreis-SSGW-225x300.jpg 225w, https:\/\/derpott.de\/wp-content\/uploads\/2019\/08\/Wanderpreis-SSGW.jpg 250w\" sizes=\"(max-width: 225px) 100vw, 225px\" \/><\/div>\n<p>Gegeben 1998 von der Sportschiffer Gilde Westfalen<\/p>\n<p>Diesen Preis erh\u00e4lt das erste Schiff nach berechneter Zeit im <strong>Yardstick<\/strong> bei der Bochumer Stadtmeisterschaft f\u00fcr seegehende Yachten; Steuermannspreis; 3 x ohne Reihenfolge 1998, 1999, 2000 \u201eTrio&#8220;, Josef Grunwald, PSV Unna<\/p>\n<p>Der Wanderpreis wurde 2001 von der SSGW mit unver\u00e4nderten Bedingungen neu gestiftet.<\/p>\n<p>2001 \u201ePustekuchen\u201c, Dag Werner, SSGW<br \/>\n2002 \u201ePump Fix\u201c, Hendrik Moritz, CKA<br \/>\n2003 \u201eChou Chou\u201c, Dr. Joachim Schulze, USCB<br \/>\n2004 \u201eSpirit of Leonardo\u201c Gerard Delmas<br \/>\n2005 \u201eChou Chou\u201c, Dr. Joachim Schulze, USCB<br \/>\n2006 \u201eChou Chou\u201c, Dr. Joachim Schulze, USCB<\/p>\n<p>Der Wanderpreis wurde wurde 2007 mit unver\u00e4nderten Bedingungen von Dr. Joachim Schulze wieder gestiftet.<\/p>\n<p>1. Anrecht 2007 \u201eKamabian\u201c, Stefan Leske, SKBUe<br \/>\n1. Anrecht 2008 \u201ePusteblume\u201c, Lars Lensing-Hebben, Emmericher YC<br \/>\n1. Anrecht 2009 \u201eSeeb\u00e4r III\u201c, Thomas Rohde, CKS<br \/>\n2. Anrecht 2010 \u201eSeeb\u00e4r III\u201c, Thomas Rohde, CKS<br \/>\n1. Anrecht 2011 \u201eHansJ Punkt\u201c, Dirk Nagora, CKA<br \/>\n1. Anrecht 2012 \u201eDrieacht\u201c, Annette Diehl, SCH<br \/>\n2. Anrecht 2013 \u201eDrievijv\u201c, Annette Diehl, SCH<br \/>\n1. Anrecht 2014 \u201eLorbas\u201c, Helmut Becker, YCRM<br \/>\n1. Anrecht 2015 \u201eFliewat\u00fc\u00fct\u201c, Hubert Tenbensel, Bocholter YC<br \/>\n1. Anrecht 2016 \u201eBalu&#8220;, Thomas Berger, TO<br \/>\n2. Anrecht 2017 \u201eBalu&#8220;, Thomas Berger, TO<br \/>\n1. Anrecht 2018 \u201eLuna 32&#8243;, Andreas Mengen, YCRM<br \/>\n1. Anrecht 2019 \u201eJaunty\u00b3&#8220;, Klaus Nagora<\/p>\n<hr \/>\n<h2>Zuiderzee-Cup<\/h2>\n<p><img decoding=\"async\" loading=\"lazy\" class=\"alignnone size-full wp-image-349\" src=\"https:\/\/derpott.de\/wp-content\/uploads\/2019\/08\/Zuiderzee-Cup.jpg\" alt=\"\" width=\"250\" height=\"188\" \/><\/p>\n<p>Gegeben 1999 von Herrn Dr. Joachim J. Schulze f\u00fcr das erste Schiff nach berechneter Zeit im Yardstick bei der Ijsselmeer-Regatta f\u00fcr seegehende Yachten; verbandsoffener Steuermannspreis; 2 x in bzw. 3 x ohne Reihenfolge.<\/p>\n<p>1999 \u201eLibel&#8220;, Dr. Ulrich Breidenbach, RVBS<br \/>\n2000; 2001; 2002 \u201eHarmattan\u201c, Ulrich Weuthen, USCB<\/p>\n<p>Wieder gestiftet 2003 von Herrn Ulrich Weuthen.<br \/>\nDer Preis wird vergeben f\u00fcr das erste Schiff mit einer reinen Damencrew gem\u00e4\u00df der Platzierung im Columbia Cup bei der Ijsselmeer-Regatta f\u00fcr seegehende Yachten.<\/p>\n<p>2003 \u201eFourever\u201c, Christiane Bauss<br \/>\n2004 \u201eObsession\u201c, Astrid Clausen, USCB<br \/>\n2005 \u201ePink Win\u201c, Claudia Schreiner, USCB<br \/>\n2006 \u201ePauline\u201c, Gabriele Tsch\u00f6pe<br \/>\n2007 \u201eJolantha\u201c, Christina Groll<br \/>\n2008 \u201eMartinga\u201c, Gabriele Tsch\u00f6pe<br \/>\n2009 \u201eQuadro\u201c, Monika Nagora<br \/>\n2010 \u201eQuadro\u201c, Monika Nagora<\/p>\n<p>Ab 2011: der Preis wird vergeben f\u00fcr die <strong>punktbeste Damencrew im Yardstick<\/strong>, Wanderpokal<\/p>\n<p>2011 \u201eHenriette\u201c, Gabriele Tsch\u00f6pe<br \/>\n2012 \u201eHenriette\u201c, Gabriele Tsch\u00f6pe<br \/>\n2013 \u201eHenriette\u201c, Gabriele Tsch\u00f6pe<br \/>\n2014 \u201eBella\u201c, Gabriele Tsch\u00f6pe<br \/>\n2015 \u201eHenriette\u201c, Gabriele Tsch\u00f6pe<br \/>\n2016 \u201eHenriette\u201c, Gabriele Tsch\u00f6pe<br \/>\n2017 \u201eScholli\u201c, Gabriele Tsch\u00f6pe<br \/>\n2018 \u201ePustekuchen\u201c, Sonka Mehner-Heurs<br \/>\n2019 \u201eJoelle\u201c, Gabriele Tsch\u00f6pe<\/p>\n<hr \/>\n<h2>Charter Pokal<\/h2>\n<p><img decoding=\"async\" loading=\"lazy\" class=\"alignnone size-medium wp-image-339\" src=\"https:\/\/derpott.de\/wp-content\/uploads\/2019\/08\/Charter-Pokal-225x300.jpg\" alt=\"\" width=\"225\" height=\"300\" srcset=\"https:\/\/derpott.de\/wp-content\/uploads\/2019\/08\/Charter-Pokal-225x300.jpg 225w, https:\/\/derpott.de\/wp-content\/uploads\/2019\/08\/Charter-Pokal.jpg 250w\" sizes=\"(max-width: 225px) 100vw, 225px\" \/><\/p>\n<p>Gegeben 1998 von KM-Yachtcharter.<br \/>\nDer Preis wird vergeben f\u00fcr das schnellste Schiff gem\u00e4\u00df der Platzierung im Columbia Cup; Teilnehmende Yachten sind gewerblich gechartert; Eigner oder Vercharterer sind nicht an Bord; Steuermannspreis f\u00fcr <strong>Charteryachten<\/strong>; 3 x ohne Reihenfolge<\/p>\n<p>1998: \u201eLibel\u201c, Dr. Ulrich Breidenbach, RVBS<br \/>\n1999: \u201eLibel\u201c, Dr. Ulrich Breidenbach, RVBS<br \/>\n2000: \u201eReiger&#8220;, Michael Belasus<br \/>\n2001: \u201ePustekuchen\u201c, Dag Werner, SSGW<br \/>\n2002: \u201ePustekuchen\u201c, Dag Werner, SSGW<br \/>\n2003: \u201eZeeeend\u201c, Udo Scheer, SCH<br \/>\n2004: \u201eOutlaw\u201c, Michael Belasus<br \/>\n2005: \u201eLucky Sprint\u201c, Thomas L\u00f6sch, DKSC<br \/>\n2006: \u201eX2\u201c, Michael Belasus<\/p>\n<p>Wieder gestiftet 2007 von Herrn Michael Belasus.<\/p>\n<p>1. Anrecht 2007: \u201ePauze\u201c, Fred Pattberg, WSVRH<br \/>\n1. Anrecht 2008: \u201eX2\u201c, Dag Werner, SSGW<br \/>\n2. Anrecht 2009: \u201eX1\u201c, Dag Werner, SSGW<br \/>\n1. Anrecht 2010: \u201eWest Yachting\u201c, Daniel Scheer, SCH<\/p>\n<p>Ab 2011: der Preis wird vergeben f\u00fcr das beste Schiff gem\u00e4\u00df der Platzierung im <strong>Yardstick<\/strong>, sonst unver\u00e4ndert<\/p>\n<p>2011: \u201eKeep Cool\u201c, J\u00fcrgen Neubert<br \/>\n2012: \u201eDrieacht\u201c, Annette Diehl, SCH<br \/>\n2013: \u201eDrievijv\u201c, Annette Diehl, SCH<br \/>\n2014: \u201eBella\u201c, Gabriele Tsch\u00f6pe<br \/>\n2015: \u201eHenriette\u201c, Gabriele Tsch\u00f6pe<br \/>\n2016: \u201eHenriette\u201c, Gabriele Tsch\u00f6pe<br \/>\n2017: \u201ePustekuchen&#8220;, Sonka Mehner-Heurs<br \/>\n2018: \u201eRed Baron&#8220;, Rolf St\u00f6ttelder<br \/>\n2019: \u201eThijs&#8220;, Dag Werner<\/p>\n<hr \/>\n<h2>First-Ship-Home<\/h2>\n<p><img decoding=\"async\" loading=\"lazy\" class=\"alignnone size-full wp-image-344\" src=\"https:\/\/derpott.de\/wp-content\/uploads\/2019\/08\/First-Shop-Home-Pokal_alt.jpg\" alt=\"\" width=\"250\" height=\"210\" \/><\/p>\n<p>Gegeben 2000 von Herrn Peter Schr\u00f6der-Metz und Crew f\u00fcr das erste Schiff nach gesegelter Zeit im Yardstick bei der Ijsselmeer-Regatta f\u00fcr seegehende Yachten; verbandsoffener Steuermannspreis; 2 x in bzw. 3 x ohne Reihenfolge.<\/p>\n<p>2000 \u201eReiger&#8220;<br \/>\n2001 \u201eGriel&#8220;<br \/>\n2002 \u201eOutlaw&#8220;, Michael Belasus<\/p>\n<p>Wieder gestiftet 2003 von Herrn Michael Belasus.<br \/>\nDer Preis wird vergeben f\u00fcr das erste Schiff nach gesegelter Zeit \u00fcber alle Gruppen bei der Ijsselmeer-Regatta f\u00fcr seegehende Yachten, verbandsoffener Steuermannspreis; der Pokal;verbleibt f\u00fcr ein Jahr beim Gewinner<\/p>\n<p>2003 \u201eOutlaw\u201c, Andreas Schmandt<br \/>\n2004 \u201ePanic\u201c, Hans Behr, YC Wesel<br \/>\n2005 \u201eHot Pepper\u201c, Michael Belasus<br \/>\n2006 \u201eKreutz Ass\u201c, Kurt Kreutz, K\u00f6lner YC<br \/>\n2007 \u201eRelax\u201c, Ralf Ehlen, DYC<br \/>\n2008 \u201eRelax\u201c, Ralf Ehlen, DYC<br \/>\n2009 \u201elot jonn\u201c, Dirk Neukirchen, DYC<br \/>\n2010 \u201eRelax\u201c, Ralf Ehlen, DYC<\/p>\n<p>Ab 2011: Der Preis wird vergeben f\u00fcr die Yacht mit der <strong>k\u00fcrzesten gesegelten Zeit<\/strong> \u00fcber alle Wettfahrten in der <strong>Gruppe ORC 1<\/strong><\/p>\n<p>2011 \u201eEx-Container\u201c, Dennis Gehrlein, Flensburger SC<br \/>\n2012 \u201eKreutz Ass\u201c, Kurt Kreutz, K\u00f6lner YC<br \/>\n2013 \u201eKreutz Ass\u201c, Kurt Kreutz, K\u00f6lner YC<br \/>\n2014 \u201eKarma\u201c, Klaus Hesselmann, CKA<br \/>\n2015 \u201eMooi\u201c, Bernd Lange, DCN<br \/>\n2016 \u201eKreutz Ass\u201c, Kurt Kreutz, YC Bayer Leverkusen<\/p>\n<p><img decoding=\"async\" loading=\"lazy\" class=\"alignnone size-full wp-image-343\" src=\"https:\/\/derpott.de\/wp-content\/uploads\/2019\/08\/First-Ship-Home-Wanderpokal.jpg\" alt=\"\" width=\"250\" height=\"227\" \/><\/p>\n<p><strong>Neuer Wanderpokal von Kurt Kreutz gestiftet<\/strong>,<br \/>\nda der &#8222;alte&#8220; mittlerweile zuviel mitgemacht hatte &#8211; <em>Danke Kurt!<\/em><br \/>\n2017 \u201eKreutz Ass\u201c, Kurt Kreutz, YC Bayer Leverkusen<br \/>\n2018 \u201eKreutz Ass\u201c, Kurt Kreutz, YC Bayer Leverkusen<br \/>\n2019 \u201eKreutz Ass\u201c, Kurt Kreutz, YC Bayer Leverkusen<\/p>\n<hr \/>\n<h2>IJsselmeer-Trophy<\/h2>\n<p><img decoding=\"async\" loading=\"lazy\" class=\"alignnone size-medium wp-image-345\" src=\"https:\/\/derpott.de\/wp-content\/uploads\/2019\/08\/Ijsselmeer-Trophy-225x300.jpg\" alt=\"\" width=\"225\" height=\"300\" srcset=\"https:\/\/derpott.de\/wp-content\/uploads\/2019\/08\/Ijsselmeer-Trophy-225x300.jpg 225w, https:\/\/derpott.de\/wp-content\/uploads\/2019\/08\/Ijsselmeer-Trophy.jpg 250w\" sizes=\"(max-width: 225px) 100vw, 225px\" \/><\/p>\n<p>Gegeben 1987 von der Firma Raumgestaltung Steden &#8211; Bootsfarbenabteilung &#8211; f\u00fcr die beste Mannschaft eines SIRK-Vereins, bestehend aus drei Yachten, im Yardstick; der Schiffsf\u00fchrer und mindestens zwei weitere Crewmitglieder m\u00fcssen Mitglied in dem SIRK-Verein sein, in dessen Mannschaft sie gemeldet sind; Vereinspreis; 4 x ohne Reihenfolge oder 3 x in Folge<\/p>\n<p>1987: Ruderverein Bochum Segler-Abteilung (RVBS)<br \/>\n1989: Sportschiffer Gilde Westfalen (SSGW)<br \/>\n1990: RVBS<br \/>\n1991: SSGW<br \/>\n1992: SSGW<br \/>\n1993: RVBS<br \/>\n1994: SSGW.<\/p>\n<p>Die Ysselmeer-Trophy wurde 1995 mit unver\u00e4nderten Bedingungen von den SSGW-Mitgliedern Wegemann, Westermann und Werner neu gestiftet.<\/p>\n<p>1995: SSGW<br \/>\n1996: SSGW<br \/>\n1997: SSGW<\/p>\n<p>Die Ysselmeer-Trophy wurde 1998 mit unver\u00e4nderten Bedingungen von den SSGW-Mitgliedern Rathfelder, Westermann und Werner neu gestiftet.<\/p>\n<p>1998:RVBS<br \/>\n1999: Segel-Club Hattingen (SCH)<br \/>\n2000: SCH<br \/>\n2001: nicht vergeben<br \/>\n2002: nicht vergeben<br \/>\n2003: SCH<\/p>\n<p>Die Ysselmeer-Trophy wurde 2004 vom Segel-Club Hattingen e.V. als ewiger Wanderpokal neu gestiftet. Er wird an die beste Mannschaft der am Kemnader See beheimateten und in der SIRK zusammengeschlossenen Segelvereine vergeben. Die Mannschaften bestehen aus je drei f\u00fcr einen SIRK-Verein startenden Boote, deren Schiffsf\u00fchrer Mitglied des SIRK-Vereins sein muss. Zur Wertung werden aus der Gesamtwertung des Columbia Cups jeweils die drei besten Boote eines SIRK-Vereins herangezogen.<\/p>\n<p>2004 USCB \u201eChou Chou\u201c, Dr. Joachim Schulze; \u201eHarmattan\u201c, Ulrich Weuthen; \u201eObsession\u201c, Astrid Clausen<br \/>\n2005 USCB \u201eChou Chou\u201c, Dr. Joachim Schulze; \u201eHarmattan\u201c, Ulrich Weuthen; \u201ePink Win\u201c, Claudia Schreiner<br \/>\n2006 nicht vergeben<br \/>\n2007 USCB \u201eChou Chou\u201c, Dr. Joachim Schulze; \u201eHarmattan\u201c, Ulrich Weuthen; \u201eAnduril\u201c, Jan Sauerbray<br \/>\n2008 nicht vergeben<\/p>\n<p>Die Ijsselmeer-Trophy wurde 2009 vom USCB als ewiger Wanderpokal neu gestiftet. Er wird an die beste Crew der am Kemnader See beheimateten und in der SIRK zusammengeschlossenen Segelvereine gem\u00e4\u00df der Plazierung im Columbia-Cup vergeben.<\/p>\n<p>2009 \u201eX1\u201c, Dag Werner, SSGW<br \/>\n2010 \u201eWest Yachting\u201c, Daniel Scheer, SCH<\/p>\n<p>Ab 2012: Diesen Preis erh\u00e4lt die <strong>beste Yacht der Yardstick-Gruppe<\/strong>, deren <strong>Schiffsf\u00fchrer Mitglied eines SIRK-Vereins<\/strong> ist.<\/p>\n<p>2012 \u201eDrieacht\u201c, Annette Diehl, SCH<br \/>\n2013 \u201eDrievijv\u201c, Annette Diehl, SCH<br \/>\n2014 \/ 2015 \/ 2016 nicht vergeben<br \/>\n2017 \u201ePustekuchen&#8220;, Sonka Mehner-Heurs, SSGW<br \/>\n2018 \u201eRed Baron&#8220;, Rolf St\u00f6ttelder, SCH<br \/>\n2019 \u201eThijs&#8220;, Dag Werner, SSGW<\/p>\n<hr \/>\n<h2>Delius-Klasing-Trophy<\/h2>\n<p><img decoding=\"async\" loading=\"lazy\" class=\"alignnone size-medium wp-image-341\" src=\"https:\/\/derpott.de\/wp-content\/uploads\/2019\/08\/Delius-Klasing-Trophy-188x300.jpg\" alt=\"\" width=\"188\" height=\"300\" srcset=\"https:\/\/derpott.de\/wp-content\/uploads\/2019\/08\/Delius-Klasing-Trophy-188x300.jpg 188w, https:\/\/derpott.de\/wp-content\/uploads\/2019\/08\/Delius-Klasing-Trophy.jpg 250w\" sizes=\"(max-width: 188px) 100vw, 188px\" \/><\/p>\n<p>Gegeben 2008 von Delius Klasing Verlag GmbH. Wanderpokal f\u00fcr die ersten drei beim Pott f\u00fcr denselben DSV-Verein startenden Yachten.<\/p>\n<p>2008 CKA<br \/>\n\u201eTutima\u201c, J\u00f6rg Delecate<br \/>\n\u201eKnubbel\u201c, Wolfgang Stein<br \/>\n\u201eKarma\u201c, Klaus Hesselmann<\/p>\n<p>2009 CKA<br \/>\n\u201eKarma\u201c, Klaus Hesselmann<br \/>\n\u201eSeeb\u00e4r III\u201c, Thomas Rohde<br \/>\n\u201eLazy Uno\u201c, Bernhard Kr\u00e4hling<\/p>\n<p>2010 CKA<br \/>\n\u201eSeeb\u00e4r III\u201c, Thomas Rohde<br \/>\n\u201eKarma\u201c, Klaus Hesselmann<br \/>\n\u201eThinchen\u201c, Michael Huelke<\/p>\n<p>Ab 2012: Diesen Preis erh\u00e4lt <strong>jeweils der viertplazierte seiner Gruppe<\/strong><\/p>\n<p>2012:<br \/>\n\u201eKreutz Ass&#8220;, Kurt Kreutz, KYC<br \/>\n\u201eNo excuses&#8220;, Hendrik Moritz, PSV Hagen<br \/>\n\u201eOkeanos&#8220;, Oliver Hirche, CKA<\/p>\n<p>2013:<br \/>\n\u201eSpielkind&#8220;, Peter Diekhoff<br \/>\n\u201eThinchen&#8220;, Michael Huelke<br \/>\n\u201eVilla Solaris&#8220;, Ansgar Sch\u00f6llgen<\/p>\n<p>2014:<br \/>\n\u201eJitte&#8220;, Dag Werner<br \/>\n\u201eHunt&#8220;, Matthias Sternberg<br \/>\n\u201eHurly-Burly&#8220;, Christian Corbach<\/p>\n<p>2015:<br \/>\n\u201eKemphaan&#8220;, Dag Werner<br \/>\n\u201eThinchen&#8220;, Michael Huelke<br \/>\n\u201eVilla Solais&#8220;, Ansgar Sch\u00f6llgen<\/p>\n<p>2016:<br \/>\nORC1 &#8211; nicht vergeben<br \/>\n\u201eLalli&#8220;, Kai St\u00fcbane<br \/>\n\u201eHurly-Burly&#8220;, Christian Corbach<\/p>\n<p>2017:<br \/>\nORC1 &#8211; nicht vergeben<br \/>\n\u201eLalli&#8220;, Kai St\u00fcbane<br \/>\n\u201eMahe&#8220;, Hans Erker<\/p>\n<p>2018:<br \/>\n\u201eVixen&#8220;, Dag Werner<br \/>\n\u201eRightNow2&#8243;, Olaf Wenzel<br \/>\n\u201eLorbas&#8220;, Helmut Becker<\/p>\n<p>2019:<br \/>\nORC1 &#8211; nicht vergeben<br \/>\nORC2 &#8211; nicht vergeben<br \/>\n\u201eLuna 32&#8243;, Andreas Mengen<\/p>\n<hr \/>\n<h2>Doublehanded<\/h2>\n<p><img decoding=\"async\" loading=\"lazy\" class=\"alignnone size-full wp-image-342\" src=\"https:\/\/derpott.de\/wp-content\/uploads\/2019\/08\/DoubleHanded-Pokal.jpg\" alt=\"\" width=\"250\" height=\"295\" \/><\/p>\n<p>Gegeben 2015 von Der Wassersportladen, Wanderpokal<\/p>\n<p>(Wir danken der Schreinerei Lauterbach, Witten f\u00fcr die freundliche Unterst\u00fctzung)<\/p>\n<p>Diesen Preis erh\u00e4lt das erste Schiff nach berechneter Zeit mit einer Crew nur bestehend aus Skipper und Co-Skipper.<\/p>\n<p>2015 \u201eReflex\u201c, Luuk Eisink, Bocholter YC<br \/>\n2016 \u201eJazara\u201c, Joachim Schulze, USCB<br \/>\n2017 \u201eSeeb\u00e4r III&#8220;, Benedikt Rohde, CKA<br \/>\n2018 \u201eDeraison&#8220;, Stefan Leske, CKA<br \/>\n2019 \u201eChristina&#8220;, Christian Goecke, CKA<\/p>\n","protected":false},"excerpt":{"rendered":"<p>Der Pott Gegeben 1999 von Herrn Michael Belasus und Crew Diesen Preis erh\u00e4lt das erste Schiff nach berechneter Zeit Gruppe ORC I; Steuermannspreis; 3 x ohne Reihenfolge 1. Anrecht 1999 \u201eChou Chou\u201c, Dr. Joachim Schulze, USCB 1. Anrecht 2000 \u201eHarmattan\u201c, &hellip; <a href=\"https:\/\/derpott.de\/?page_id=86\">Weiterlesen <span class=\"meta-nav\">&rarr;<\/span><\/a><\/p>\n","protected":false},"author":3,"featured_media":0,"parent":0,"menu_order":0,"comment_status":"closed","ping_status":"closed","template":"","meta":[],"post_mailing_queue_ids":[],"_links":{"self":[{"href":"https:\/\/derpott.de\/index.php?rest_route=\/wp\/v2\/pages\/86"}],"collection":[{"href":"https:\/\/derpott.de\/index.php?rest_route=\/wp\/v2\/pages"}],"about":[{"href":"https:\/\/derpott.de\/index.php?rest_route=\/wp\/v2\/types\/page"}],"author":[{"embeddable":true,"href":"https:\/\/derpott.de\/index.php?rest_route=\/wp\/v2\/users\/3"}],"replies":[{"embeddable":true,"href":"https:\/\/derpott.de\/index.php?rest_route=%2Fwp%2Fv2%2Fcomments&post=86"}],"version-history":[{"count":13,"href":"https:\/\/derpott.de\/index.php?rest_route=\/wp\/v2\/pages\/86\/revisions"}],"predecessor-version":[{"id":1601,"href":"https:\/\/derpott.de\/index.php?rest_route=\/wp\/v2\/pages\/86\/revisions\/1601"}],"wp:attachment":[{"href":"https:\/\/derpott.de\/index.php?rest_route=%2Fwp%2Fv2%2Fmedia&parent=86"}],"curies":[{"name":"wp","href":"https:\/\/api.w.org\/{rel}","templated":true}]}}